{"id":219,"date":"2022-09-14T12:47:00","date_gmt":"2022-09-14T09:47:00","guid":{"rendered":"https:\/\/www.kuyamarket.com\/?page_id=219"},"modified":"2022-09-14T17:43:16","modified_gmt":"2022-09-14T14:43:16","slug":"deneme-ana-sayfa","status":"publish","type":"page","link":"https:\/\/www.kuyamarket.com\/index.php\/deneme-ana-sayfa\/","title":{"rendered":"Deneme Ana Sayfa"},"content":{"rendered":"\t\t<div data-elementor-type=\"wp-page\" data-elementor-id=\"219\" class=\"elementor elementor-219\">\n\t\t\t\t\t\t\t\t\t<section class=\"elementor-section elementor-top-section elementor-element elementor-element-3a2a5d78 elementor-section-boxed elementor-section-height-default elementor-section-height-default\" data-id=\"3a2a5d78\" data-element_type=\"section\">\n\t\t\t\t\t\t<div class=\"elementor-container elementor-column-gap-default\">\n\t\t\t\t\t<div class=\"elementor-column elementor-col-100 elementor-top-column elementor-element elementor-element-1662a42d\" data-id=\"1662a42d\" data-element_type=\"column\">\n\t\t\t<div class=\"elementor-widget-wrap elementor-element-populated\">\n\t\t\t\t\t\t\t\t<div class=\"elementor-element elementor-element-292e83a7 elementor-widget elementor-widget-text-editor\" data-id=\"292e83a7\" data-element_type=\"widget\" data-widget_type=\"text-editor.default\">\n\t\t\t\t<div class=\"elementor-widget-container\">\n\t\t\t<style>\/*! elementor - v3.7.4 - 31-08-2022 *\/\n.elementor-widget-text-editor.elementor-drop-cap-view-stacked .elementor-drop-cap{background-color:#818a91;color:#fff}.elementor-widget-text-editor.elementor-drop-cap-view-framed .elementor-drop-cap{color:#818a91;border:3px solid;background-color:transparent}.elementor-widget-text-editor:not(.elementor-drop-cap-view-default) .elementor-drop-cap{margin-top:8px}.elementor-widget-text-editor:not(.elementor-drop-cap-view-default) .elementor-drop-cap-letter{width:1em;height:1em}.elementor-widget-text-editor .elementor-drop-cap{float:left;text-align:center;line-height:1;font-size:50px}.elementor-widget-text-editor .elementor-drop-cap-letter{display:inline-block}<\/style>\t\t\t\t<!-- wp:jetpack\/send-a-message -->\n<div class=\"wp-block-jetpack-send-a-message\"><!-- wp:jetpack\/whatsapp-button {\"countryCode\":\"90TR\"} -->\n<div class=\"wp-block-jetpack-whatsapp-button is-color-dark\"><a class=\"whatsapp-block__button\" href=\"https:\/\/api.whatsapp.com\/send?phone=&amp;text=Merhaba%2C%20WhatsApp%20bilgilerinizi%20web%20sitenizden%20ald%C4%B1m.\" style=\"background-color:#25D366;color:#fff\" target=\"_self\" rel=\"noopener noreferrer\">WhatsApp&#8217;ta sohbet edin<\/a><\/div>\n<!-- \/wp:jetpack\/whatsapp-button --><\/div>\n<!-- \/wp:jetpack\/send-a-message -->\t\t\t\t\t\t<\/div>\n\t\t\t\t<\/div>\n\t\t\t\t\t<\/div>\n\t\t<\/div>\n\t\t\t\t\t\t\t<\/div>\n\t\t<\/section>\n\t\t\t\t<section class=\"elementor-section elementor-top-section elementor-element elementor-element-6de17f9 elementor-section-boxed elementor-section-height-default elementor-section-height-default\" data-id=\"6de17f9\" data-element_type=\"section\">\n\t\t\t\t\t\t<div class=\"elementor-container elementor-column-gap-default\">\n\t\t\t\t\t<div class=\"elementor-column elementor-col-100 elementor-top-column elementor-element elementor-element-93bc209\" data-id=\"93bc209\" data-element_type=\"column\">\n\t\t\t<div class=\"elementor-widget-wrap elementor-element-populated\">\n\t\t\t\t\t\t\t\t<div class=\"elementor-element elementor-element-7eed811 elementor-widget elementor-widget-wp-widget-woocommerce_products\" data-id=\"7eed811\" data-element_type=\"widget\" data-widget_type=\"wp-widget-woocommerce_products.default\">\n\t\t\t\t<div class=\"elementor-widget-container\">\n\t\t\t<h5>Products<\/h5><ul class=\"product_list_widget\"><li>\n\t\n\t<a href=\"https:\/\/www.kuyamarket.com\/index.php\/urun\/organik-ahsap-sayi-bloklari\/\">\n\t\t<img loading=\"lazy\" decoding=\"async\" width=\"320\" height=\"320\" src=\"https:\/\/i0.wp.com\/www.kuyamarket.com\/wp-content\/uploads\/2022\/09\/2.png?resize=320%2C320&amp;ssl=1\" class=\"attachment-woocommerce_thumbnail size-woocommerce_thumbnail\" alt=\"\" srcset=\"https:\/\/i0.wp.com\/www.kuyamarket.com\/wp-content\/uploads\/2022\/09\/2.png?w=320&amp;ssl=1 320w, https:\/\/i0.wp.com\/www.kuyamarket.com\/wp-content\/uploads\/2022\/09\/2.png?resize=300%2C300&amp;ssl=1 300w, https:\/\/i0.wp.com\/www.kuyamarket.com\/wp-content\/uploads\/2022\/09\/2.png?resize=150%2C150&amp;ssl=1 150w, https:\/\/i0.wp.com\/www.kuyamarket.com\/wp-content\/uploads\/2022\/09\/2.png?resize=100%2C100&amp;ssl=1 100w\" sizes=\"auto, (max-width: 320px) 100vw, 320px\" \/>\t\t<span class=\"product-title\">Organik Ah\u015fap Say\u0131 Bloklar\u0131<\/span>\n\t<\/a>\n\n\t\t\t\t\n\t<del aria-hidden=\"true\"><span class=\"woocommerce-Price-amount amount\"><bdi>450.00<span class=\"woocommerce-Price-currencySymbol\">&#8378;<\/span><\/bdi><\/span><\/del> <ins><span class=\"woocommerce-Price-amount amount\"><bdi>390.00<span class=\"woocommerce-Price-currencySymbol\">&#8378;<\/span><\/bdi><\/span><\/ins>\n\t<\/li>\n<li>\n\t\n\t<a href=\"https:\/\/www.kuyamarket.com\/index.php\/urun\/organik-sayi-bloklari\/\">\n\t\t<img loading=\"lazy\" decoding=\"async\" width=\"320\" height=\"320\" src=\"https:\/\/i0.wp.com\/www.kuyamarket.com\/wp-content\/uploads\/2022\/09\/1.png?resize=320%2C320&amp;ssl=1\" class=\"attachment-woocommerce_thumbnail size-woocommerce_thumbnail\" alt=\"\" srcset=\"https:\/\/i0.wp.com\/www.kuyamarket.com\/wp-content\/uploads\/2022\/09\/1.png?w=320&amp;ssl=1 320w, https:\/\/i0.wp.com\/www.kuyamarket.com\/wp-content\/uploads\/2022\/09\/1.png?resize=300%2C300&amp;ssl=1 300w, https:\/\/i0.wp.com\/www.kuyamarket.com\/wp-content\/uploads\/2022\/09\/1.png?resize=150%2C150&amp;ssl=1 150w, https:\/\/i0.wp.com\/www.kuyamarket.com\/wp-content\/uploads\/2022\/09\/1.png?resize=100%2C100&amp;ssl=1 100w\" sizes=\"auto, (max-width: 320px) 100vw, 320px\" \/>\t\t<span class=\"product-title\">SAYMA BONCUKLARI<\/span>\n\t<\/a>\n\n\t\t\t\t\n\t<del aria-hidden=\"true\"><span class=\"woocommerce-Price-amount amount\"><bdi>395.00<span class=\"woocommerce-Price-currencySymbol\">&#8378;<\/span><\/bdi><\/span><\/del> <ins><span class=\"woocommerce-Price-amount amount\"><bdi>280.00<span class=\"woocommerce-Price-currencySymbol\">&#8378;<\/span><\/bdi><\/span><\/ins>\n\t<\/li>\n<\/ul>\t\t<\/div>\n\t\t\t\t<\/div>\n\t\t\t\t\t<\/div>\n\t\t<\/div>\n\t\t\t\t\t\t\t<\/div>\n\t\t<\/section>\n\t\t\t\t\t\t\t<\/div>\n\t\t","protected":false},"excerpt":{"rendered":"","protected":false},"author":1,"featured_media":0,"parent":0,"menu_order":0,"comment_status":"closed","ping_status":"closed","template":"","meta":{"advanced_seo_description":"","_joinchat":[],"footnotes":""},"class_list":["post-219","page","type-page","status-publish","hentry"],"_links":{"self":[{"href":"https:\/\/www.kuyamarket.com\/index.php\/wp-json\/wp\/v2\/pages\/219","targetHints":{"allow":["GET"]}}],"collection":[{"href":"https:\/\/www.kuyamarket.com\/index.php\/wp-json\/wp\/v2\/pages"}],"about":[{"href":"https:\/\/www.kuyamarket.com\/index.php\/wp-json\/wp\/v2\/types\/page"}],"author":[{"embeddable":true,"href":"https:\/\/www.kuyamarket.com\/index.php\/wp-json\/wp\/v2\/users\/1"}],"replies":[{"embeddable":true,"href":"https:\/\/www.kuyamarket.com\/index.php\/wp-json\/wp\/v2\/comments?post=219"}],"version-history":[{"count":4,"href":"https:\/\/www.kuyamarket.com\/index.php\/wp-json\/wp\/v2\/pages\/219\/revisions"}],"predecessor-version":[{"id":232,"href":"https:\/\/www.kuyamarket.com\/index.php\/wp-json\/wp\/v2\/pages\/219\/revisions\/232"}],"wp:attachment":[{"href":"https:\/\/www.kuyamarket.com\/index.php\/wp-json\/wp\/v2\/media?parent=219"}],"curies":[{"name":"wp","href":"https:\/\/api.w.org\/{rel}","templated":true}]}}