{"id":247,"date":"2022-09-14T23:52:11","date_gmt":"2022-09-14T20:52:11","guid":{"rendered":"https:\/\/www.kuyamarket.com\/?post_type=product&#038;p=247"},"modified":"2022-09-14T23:52:11","modified_gmt":"2022-09-14T20:52:11","slug":"organik-ahsap-sayi-bloklari","status":"publish","type":"product","link":"https:\/\/www.kuyamarket.com\/index.php\/urun\/organik-ahsap-sayi-bloklari\/","title":{"rendered":"Organik Ah\u015fap Say\u0131 Bloklar\u0131"},"content":{"rendered":"","protected":false},"excerpt":{"rendered":"","protected":false},"featured_media":176,"comment_status":"closed","ping_status":"closed","template":"","meta":{"advanced_seo_description":"","_joinchat":[]},"product_cat":[15],"product_tag":[],"class_list":["post-247","product","type-product","status-publish","has-post-thumbnail","hentry","product_cat-genel"],"_links":{"self":[{"href":"https:\/\/www.kuyamarket.com\/index.php\/wp-json\/wp\/v2\/product\/247","targetHints":{"allow":["GET"]}}],"collection":[{"href":"https:\/\/www.kuyamarket.com\/index.php\/wp-json\/wp\/v2\/product"}],"about":[{"href":"https:\/\/www.kuyamarket.com\/index.php\/wp-json\/wp\/v2\/types\/product"}],"replies":[{"embeddable":true,"href":"https:\/\/www.kuyamarket.com\/index.php\/wp-json\/wp\/v2\/comments?post=247"}],"wp:featuredmedia":[{"embeddable":true,"href":"https:\/\/www.kuyamarket.com\/index.php\/wp-json\/wp\/v2\/media\/176"}],"wp:attachment":[{"href":"https:\/\/www.kuyamarket.com\/index.php\/wp-json\/wp\/v2\/media?parent=247"}],"wp:term":[{"taxonomy":"product_cat","embeddable":true,"href":"https:\/\/www.kuyamarket.com\/index.php\/wp-json\/wp\/v2\/product_cat?post=247"},{"taxonomy":"product_tag","embeddable":true,"href":"https:\/\/www.kuyamarket.com\/index.php\/wp-json\/wp\/v2\/product_tag?post=247"}],"curies":[{"name":"wp","href":"https:\/\/api.w.org\/{rel}","templated":true}]}}